{"id":385,"date":"2023-08-16T00:06:06","date_gmt":"2023-08-16T00:06:06","guid":{"rendered":"https:\/\/natalirealtorfl.com\/?page_id=385"},"modified":"2023-08-18T15:34:30","modified_gmt":"2023-08-18T15:34:30","slug":"asistencia-down-payment","status":"publish","type":"page","link":"https:\/\/natalirealtorfl.com\/en\/asistencia-down-payment\/","title":{"rendered":"Down Payment Assistance"},"content":{"rendered":"<p>[et_pb_section fb_built=\u00bb1&#8243; _builder_version=\u00bb4.21.2&#8243; _module_preset=\u00bbdefault\u00bb use_background_color_gradient=\u00bbon\u00bb background_color_gradient_stops=\u00bbrgba(93,7,4,0.54) 0%|rgba(93,7,4,0.54) 100%\u00bb background_color_gradient_overlays_image=\u00bbon\u00bb background_image=\u00bbhttp:\/\/natalirealtorfl.com\/wp-content\/uploads\/2023\/08\/billie-dolar-fondo-dinero.jpg\u00bb global_colors_info=\u00bb{}\u00bb][et_pb_row _builder_version=\u00bb4.21.2&#8243; _module_preset=\u00bbdefault\u00bb hover_enabled=\u00bb0&#8243; global_colors_info=\u00bb{}\u00bb sticky_enabled=\u00bb0&#8243;][et_pb_column type=\u00bb4_4&#8243; _builder_version=\u00bb4.21.0&#8243; _module_preset=\u00bbdefault\u00bb global_colors_info=\u00bb{}\u00bb][et_pb_text _builder_version=\u00bb4.21.2&#8243; _dynamic_attributes=\u00bbcontent\u00bb _module_preset=\u00bbdefault\u00bb text_font=\u00bbLato|900||on|||||\u00bb text_text_color=\u00bb#FFFFFF\u00bb text_font_size=\u00bb60px\u00bb text_line_height=\u00bb1.6em\u00bb header_font=\u00bb|800|||||||\u00bb header_text_color=\u00bb#FFFFFF\u00bb header_font_size=\u00bb60px\u00bb hover_enabled=\u00bb0&#8243; text_font_size_tablet=\u00bb40px\u00bb text_font_size_phone=\u00bb30px\u00bb text_font_size_last_edited=\u00bbon|desktop\u00bb header_font_size_tablet=\u00bb40px\u00bb header_font_size_phone=\u00bb35px\u00bb header_font_size_last_edited=\u00bbon|phone\u00bb global_colors_info=\u00bb{}\u00bb sticky_enabled=\u00bb0&#8243;]@ET-DC@eyJkeW5hbWljIjp0cnVlLCJjb250ZW50IjoicG9zdF90aXRsZSIsInNldHRpbmdzIjp7ImJlZm9yZSI6IiIsImFmdGVyIjoiIn19@[\/et_pb_text][et_pb_text _builder_version=\u00bb4.21.2&#8243; _module_preset=\u00bbdefault\u00bb text_font=\u00bbLato||||||||\u00bb text_text_color=\u00bb#FFFFFF\u00bb text_font_size=\u00bb20px\u00bb global_colors_info=\u00bb{}\u00bb]<\/p>\n<p>Down payment assistance for your home is available<\/p>\n<p>[\/et_pb_text][\/et_pb_column][\/et_pb_row][\/et_pb_section][et_pb_section fb_built=\u00bb1&#8243; admin_label=\u00bbExplore Story Section\u00bb _builder_version=\u00bb4.21.2&#8243; custom_padding=\u00bb||||false|false\u00bb global_colors_info=\u00bb{}\u00bb][et_pb_row admin_label=\u00bbText Area\u00bb _builder_version=\u00bb4.16&#8243; max_width=\u00bb700px\u00bb custom_padding=\u00bb20px|||\u00bb use_custom_width=\u00bbon\u00bb custom_width_px=\u00bb700px\u00bb global_colors_info=\u00bb{}\u00bb][et_pb_column type=\u00bb4_4&#8243; _builder_version=\u00bb4.16&#8243; custom_padding=\u00bb|||\u00bb global_colors_info=\u00bb{}\u00bb custom_padding__hover=\u00bb|||\u00bb][et_pb_text admin_label=\u00bbTitle\u00bb _builder_version=\u00bb4.21.2&#8243; text_font=\u00bb||||||||\u00bb header_font=\u00bb||||||||\u00bb header_2_font=\u00bbLato||||||||\u00bb header_2_text_align=\u00bbcenter\u00bb header_2_text_color=\u00bb#263954&#8243; header_2_font_size=\u00bb36px\u00bb header_2_line_height=\u00bb1.4em\u00bb custom_margin=\u00bb||5px|\u00bb animation_style=\u00bbfold\u00bb animation_direction=\u00bbbottom\u00bb animation_intensity_fold=\u00bb20%\u00bb animation_starting_opacity=\u00bb100%\u00bb global_colors_info=\u00bb{}\u00bb]<\/p>\n<h2>Let's see if you are eligible<\/h2>\n<p>[\/et_pb_text][et_pb_divider color=\u00bb#9B2221&#8243; divider_position=\u00bbcenter\u00bb divider_weight=\u00bb2px\u00bb _builder_version=\u00bb4.21.2&#8243; max_width=\u00bb50px\u00bb module_alignment=\u00bbcenter\u00bb global_colors_info=\u00bb{}\u00bb][\/et_pb_divider][\/et_pb_column][\/et_pb_row][et_pb_row admin_label=\u00bbText Area\u00bb _builder_version=\u00bb4.21.2&#8243; max_width=\u00bb700px\u00bb custom_padding=\u00bb20px|||\u00bb use_custom_width=\u00bbon\u00bb custom_width_px=\u00bb700px\u00bb global_colors_info=\u00bb{}\u00bb][et_pb_column type=\u00bb4_4&#8243; _builder_version=\u00bb4.16&#8243; custom_padding=\u00bb|||\u00bb global_colors_info=\u00bb{}\u00bb custom_padding__hover=\u00bb|||\u00bb][et_pb_text _builder_version=\u00bb4.21.2&#8243; text_font=\u00bb||||||||\u00bb text_font_size=\u00bb20px\u00bb text_line_height=\u00bb1.8em\u00bb text_orientation=\u00bbcenter\u00bb animation_style=\u00bbfold\u00bb animation_direction=\u00bbbottom\u00bb animation_intensity_fold=\u00bb20%\u00bb animation_starting_opacity=\u00bb100%\u00bb global_colors_info=\u00bb{}\u00bb]<\/p>\n<p><strong>Find Down Payment Assistance<\/strong><br \/>Down payment money is available. We'll help you find it<\/p>\n<p>[\/et_pb_text][\/et_pb_column][\/et_pb_row][\/et_pb_section][et_pb_section fb_built=\u00bb1&#8243; fullwidth=\u00bbon\u00bb _builder_version=\u00bb4.21.2&#8243; _module_preset=\u00bbdefault\u00bb global_colors_info=\u00bb{}\u00bb][et_pb_fullwidth_code raw_content_tablet=\u00bb<iframe src='https:\/\/www.workforce-resource.com\/dpr\/pmt\/MFRMLS\/NATALI_MEJIA_DISLA' scrolling=\"%22no%22\" style=\"%22\" width: 3000px; height: 2550px; overflow: hidden;%22><\/p>\n<p><\/iframe>\u00bb raw_content_phone=\u00bb<iframe src='https:\/\/www.workforce-resource.com\/dpr\/pmt\/MFRMLS\/NATALI_MEJIA_DISLA' scrolling=\"%22no%22\" style=\"%22\" width: 3000px; height: 3200px; overflow: hidden;%22><\/p>\n<p><\/iframe>\u00bb raw_content_last_edited=\u00bbon|phone\u00bb _builder_version=\u00bb4.21.2&#8243; _module_preset=\u00bbdefault\u00bb global_colors_info=\u00bb{}\u00bb]<iframe src='https:\/\/www.workforce-resource.com\/dpr\/pmt\/MFRMLS\/NATALI_MEJIA_DISLA' scrolling=\"no\" style=\" width: 3000px; height: 2700px;  overflow: hidden;\"><!-- [et_pb_line_break_holder] -->  <!-- [et_pb_line_break_holder] --><\/iframe>[\/et_pb_fullwidth_code][\/et_pb_section]<\/p>","protected":false},"excerpt":{"rendered":"<p>La asistencia para el pago inicial de tu casa est\u00e1 disponibleVeamos si eres elegibleEncuentra Asistencia para el Pago InicialEl dinero para el pago inicial est\u00e1 disponible. Te ayudaremos a encontrarlo.<\/p>","protected":false},"author":1,"featured_media":0,"parent":0,"menu_order":0,"comment_status":"closed","ping_status":"closed","template":"","meta":{"_et_pb_use_builder":"on","_et_pb_old_content":"","_et_gb_content_width":"","footnotes":"","_joinchat":[]},"yoast_head":"<!-- This site is optimized with the Yoast SEO plugin v21.2 - https:\/\/yoast.com\/wordpress\/plugins\/seo\/ -->\n<title>Asistencia Down Payment - Natali Mej\u00eda<\/title>\n<meta name=\"robots\" content=\"index, follow, max-snippet:-1, max-image-preview:large, max-video-preview:-1\" \/>\n<link rel=\"canonical\" href=\"https:\/\/natalirealtorfl.com\/en\/asistencia-down-payment\/\" \/>\n<meta property=\"og:locale\" content=\"en_US\" \/>\n<meta property=\"og:type\" content=\"article\" \/>\n<meta property=\"og:title\" content=\"Asistencia Down Payment - Natali Mej\u00eda\" \/>\n<meta property=\"og:description\" content=\"La asistencia para el pago inicial de tu casa est\u00e1 disponibleVeamos si eres elegibleEncuentra Asistencia para el Pago InicialEl dinero para el pago inicial est\u00e1 disponible. Te ayudaremos a encontrarlo.\" \/>\n<meta property=\"og:url\" content=\"https:\/\/natalirealtorfl.com\/en\/asistencia-down-payment\/\" \/>\n<meta property=\"og:site_name\" content=\"Natali Mej\u00eda\" \/>\n<meta property=\"article:publisher\" content=\"https:\/\/www.facebook.com\/Natalinewhomes\" \/>\n<meta property=\"article:modified_time\" content=\"2023-08-18T15:34:30+00:00\" \/>\n<meta name=\"twitter:card\" content=\"summary_large_image\" \/>\n<meta name=\"twitter:label1\" content=\"Est. reading time\" \/>\n\t<meta name=\"twitter:data1\" content=\"2 minutes\" \/>\n<script type=\"application\/ld+json\" class=\"yoast-schema-graph\">{\"@context\":\"https:\/\/schema.org\",\"@graph\":[{\"@type\":\"WebPage\",\"@id\":\"https:\/\/natalirealtorfl.com\/asistencia-down-payment\/\",\"url\":\"https:\/\/natalirealtorfl.com\/asistencia-down-payment\/\",\"name\":\"Asistencia Down Payment - Natali Mej\u00eda\",\"isPartOf\":{\"@id\":\"https:\/\/natalirealtorfl.com\/#website\"},\"datePublished\":\"2023-08-16T00:06:06+00:00\",\"dateModified\":\"2023-08-18T15:34:30+00:00\",\"breadcrumb\":{\"@id\":\"https:\/\/natalirealtorfl.com\/asistencia-down-payment\/#breadcrumb\"},\"inLanguage\":\"en-US\",\"potentialAction\":[{\"@type\":\"ReadAction\",\"target\":[\"https:\/\/natalirealtorfl.com\/asistencia-down-payment\/\"]}]},{\"@type\":\"BreadcrumbList\",\"@id\":\"https:\/\/natalirealtorfl.com\/asistencia-down-payment\/#breadcrumb\",\"itemListElement\":[{\"@type\":\"ListItem\",\"position\":1,\"name\":\"Portada\",\"item\":\"https:\/\/natalirealtorfl.com\/\"},{\"@type\":\"ListItem\",\"position\":2,\"name\":\"Asistencia Down Payment\"}]},{\"@type\":\"WebSite\",\"@id\":\"https:\/\/natalirealtorfl.com\/#website\",\"url\":\"https:\/\/natalirealtorfl.com\/\",\"name\":\"Natali Mej\u00eda\",\"description\":\"Para vivir o invertir, La Florida espera por ti\",\"publisher\":{\"@id\":\"https:\/\/natalirealtorfl.com\/#organization\"},\"potentialAction\":[{\"@type\":\"SearchAction\",\"target\":{\"@type\":\"EntryPoint\",\"urlTemplate\":\"https:\/\/natalirealtorfl.com\/?s={search_term_string}\"},\"query-input\":\"required name=search_term_string\"}],\"inLanguage\":\"en-US\"},{\"@type\":\"Organization\",\"@id\":\"https:\/\/natalirealtorfl.com\/#organization\",\"name\":\"Natali Mej\u00eda\",\"url\":\"https:\/\/natalirealtorfl.com\/\",\"logo\":{\"@type\":\"ImageObject\",\"inLanguage\":\"en-US\",\"@id\":\"https:\/\/natalirealtorfl.com\/#\/schema\/logo\/image\/\",\"url\":\"https:\/\/natalirealtorfl.com\/wp-content\/uploads\/2023\/08\/Natali-Logo.png\",\"contentUrl\":\"https:\/\/natalirealtorfl.com\/wp-content\/uploads\/2023\/08\/Natali-Logo.png\",\"width\":500,\"height\":500,\"caption\":\"Natali Mej\u00eda\"},\"image\":{\"@id\":\"https:\/\/natalirealtorfl.com\/#\/schema\/logo\/image\/\"},\"sameAs\":[\"https:\/\/www.facebook.com\/Natalinewhomes\"]}]}<\/script>\n<!-- \/ Yoast SEO plugin. -->","yoast_head_json":{"title":"Asistencia Down Payment - Natali Mej\u00eda","robots":{"index":"index","follow":"follow","max-snippet":"max-snippet:-1","max-image-preview":"max-image-preview:large","max-video-preview":"max-video-preview:-1"},"canonical":"https:\/\/natalirealtorfl.com\/en\/asistencia-down-payment\/","og_locale":"en_US","og_type":"article","og_title":"Asistencia Down Payment - Natali Mej\u00eda","og_description":"La asistencia para el pago inicial de tu casa est\u00e1 disponibleVeamos si eres elegibleEncuentra Asistencia para el Pago InicialEl dinero para el pago inicial est\u00e1 disponible. Te ayudaremos a encontrarlo.","og_url":"https:\/\/natalirealtorfl.com\/en\/asistencia-down-payment\/","og_site_name":"Natali Mej\u00eda","article_publisher":"https:\/\/www.facebook.com\/Natalinewhomes","article_modified_time":"2023-08-18T15:34:30+00:00","twitter_card":"summary_large_image","twitter_misc":{"Est. reading time":"2 minutes"},"schema":{"@context":"https:\/\/schema.org","@graph":[{"@type":"WebPage","@id":"https:\/\/natalirealtorfl.com\/asistencia-down-payment\/","url":"https:\/\/natalirealtorfl.com\/asistencia-down-payment\/","name":"Asistencia Down Payment - Natali Mej\u00eda","isPartOf":{"@id":"https:\/\/natalirealtorfl.com\/#website"},"datePublished":"2023-08-16T00:06:06+00:00","dateModified":"2023-08-18T15:34:30+00:00","breadcrumb":{"@id":"https:\/\/natalirealtorfl.com\/asistencia-down-payment\/#breadcrumb"},"inLanguage":"en-US","potentialAction":[{"@type":"ReadAction","target":["https:\/\/natalirealtorfl.com\/asistencia-down-payment\/"]}]},{"@type":"BreadcrumbList","@id":"https:\/\/natalirealtorfl.com\/asistencia-down-payment\/#breadcrumb","itemListElement":[{"@type":"ListItem","position":1,"name":"Portada","item":"https:\/\/natalirealtorfl.com\/"},{"@type":"ListItem","position":2,"name":"Asistencia Down Payment"}]},{"@type":"WebSite","@id":"https:\/\/natalirealtorfl.com\/#website","url":"https:\/\/natalirealtorfl.com\/","name":"Natali Mej\u00eda","description":"Para vivir o invertir, La Florida espera por ti","publisher":{"@id":"https:\/\/natalirealtorfl.com\/#organization"},"potentialAction":[{"@type":"SearchAction","target":{"@type":"EntryPoint","urlTemplate":"https:\/\/natalirealtorfl.com\/?s={search_term_string}"},"query-input":"required name=search_term_string"}],"inLanguage":"en-US"},{"@type":"Organization","@id":"https:\/\/natalirealtorfl.com\/#organization","name":"Natali Mej\u00eda","url":"https:\/\/natalirealtorfl.com\/","logo":{"@type":"ImageObject","inLanguage":"en-US","@id":"https:\/\/natalirealtorfl.com\/#\/schema\/logo\/image\/","url":"https:\/\/natalirealtorfl.com\/wp-content\/uploads\/2023\/08\/Natali-Logo.png","contentUrl":"https:\/\/natalirealtorfl.com\/wp-content\/uploads\/2023\/08\/Natali-Logo.png","width":500,"height":500,"caption":"Natali Mej\u00eda"},"image":{"@id":"https:\/\/natalirealtorfl.com\/#\/schema\/logo\/image\/"},"sameAs":["https:\/\/www.facebook.com\/Natalinewhomes"]}]}},"_links":{"self":[{"href":"https:\/\/natalirealtorfl.com\/en\/wp-json\/wp\/v2\/pages\/385"}],"collection":[{"href":"https:\/\/natalirealtorfl.com\/en\/wp-json\/wp\/v2\/pages"}],"about":[{"href":"https:\/\/natalirealtorfl.com\/en\/wp-json\/wp\/v2\/types\/page"}],"author":[{"embeddable":true,"href":"https:\/\/natalirealtorfl.com\/en\/wp-json\/wp\/v2\/users\/1"}],"replies":[{"embeddable":true,"href":"https:\/\/natalirealtorfl.com\/en\/wp-json\/wp\/v2\/comments?post=385"}],"version-history":[{"count":10,"href":"https:\/\/natalirealtorfl.com\/en\/wp-json\/wp\/v2\/pages\/385\/revisions"}],"predecessor-version":[{"id":743,"href":"https:\/\/natalirealtorfl.com\/en\/wp-json\/wp\/v2\/pages\/385\/revisions\/743"}],"wp:attachment":[{"href":"https:\/\/natalirealtorfl.com\/en\/wp-json\/wp\/v2\/media?parent=385"}],"curies":[{"name":"wp","href":"https:\/\/api.w.org\/{rel}","templated":true}]}}